{"id":20,"date":"2026-01-08T07:49:26","date_gmt":"2026-01-08T07:49:26","guid":{"rendered":"https:\/\/kanzlei-berger.ch\/?page_id=20"},"modified":"2026-01-08T10:08:26","modified_gmt":"2026-01-08T10:08:26","slug":"rechtliche-hinweise","status":"publish","type":"page","link":"https:\/\/kanzlei-berger.ch\/en\/rechtliche-hinweise\/","title":{"rendered":"Legal Notice"},"content":{"rendered":"<div data-elementor-type=\"wp-page\" data-elementor-id=\"20\" class=\"elementor elementor-20\" data-elementor-post-type=\"page\">\n\t\t\t\t<div class=\"elementor-element elementor-element-548a5a71 e-flex e-con-boxed e-con e-parent\" data-id=\"548a5a71\" data-element_type=\"container\" data-e-type=\"container\">\n\t\t\t\t\t<div class=\"e-con-inner\">\n\t\t\t\t<div class=\"elementor-element elementor-element-3f308760 elementor-widget elementor-widget-heading\" data-id=\"3f308760\" data-element_type=\"widget\" data-e-type=\"widget\" data-widget_type=\"heading.default\">\n\t\t\t\t\t<h2 class=\"elementor-heading-title elementor-size-default\">Legal Notice<\/h2>\t\t\t\t<\/div>\n\t\t\t\t\t<\/div>\n\t\t\t\t<\/div>\n\t\t<div class=\"elementor-element elementor-element-7c960497 e-flex e-con-boxed e-con e-parent\" data-id=\"7c960497\" data-element_type=\"container\" data-e-type=\"container\">\n\t\t\t\t\t<div class=\"e-con-inner\">\n\t\t\t\t<div class=\"elementor-element elementor-element-63427c63 elementor-widget elementor-widget-text-editor\" data-id=\"63427c63\" data-element_type=\"widget\" data-e-type=\"widget\" data-widget_type=\"text-editor.default\">\n\t\t\t\t\t\t\t\t\t<p>The information and opinions on this website are not intended to be a comprehensive or definitive statement on the subject in question. It does not constitute legal advice and should not be considered as a substitute for specific advice on a particular case. Whilst we endeavour to ensure that the information on this website is correct, we cannot accept any liability for its accuracy, completeness, suitability, etc. Kanzlei Berger GmbH disclaims all liability and responsibility for any errors or omissions and the consequences of the use of the information or the website. Furthermore, Kanzlei Berger GmbH accepts no responsibility for external content that refers to this website or to which reference is made by means of links or otherwise from this website. The content and works available on this website are protected by copyright and all rights are reserved by the copyright holder.<\/p>\t\t\t\t\t\t\t\t<\/div>\n\t\t\t\t\t<\/div>\n\t\t\t\t<\/div>\n\t\t\t\t<\/div>","protected":false},"excerpt":{"rendered":"<p>Rechtliche Hinweise Die Informationen und Meinungen auf dieser Webseite sind nicht als umfassende oder abschliessende Aussage zum betreffenden Thema gedacht. Sie stellen keine Rechtsberatung dar und sollten nicht als Ersatz f\u00fcr eine spezifische Beratung zu einem konkreten Einzelfall betrachtet werden. Wir sind zwar darum bem\u00fcht, dass die Informationen auf dieser Webseite korrekt sind, k\u00f6nnen aber [&hellip;]<\/p>\n","protected":false},"author":2,"featured_media":0,"parent":0,"menu_order":0,"comment_status":"closed","ping_status":"closed","template":"","meta":{"footnotes":""},"class_list":["post-20","page","type-page","status-publish","hentry"],"_links":{"self":[{"href":"https:\/\/kanzlei-berger.ch\/en\/wp-json\/wp\/v2\/pages\/20","targetHints":{"allow":["GET"]}}],"collection":[{"href":"https:\/\/kanzlei-berger.ch\/en\/wp-json\/wp\/v2\/pages"}],"about":[{"href":"https:\/\/kanzlei-berger.ch\/en\/wp-json\/wp\/v2\/types\/page"}],"author":[{"embeddable":true,"href":"https:\/\/kanzlei-berger.ch\/en\/wp-json\/wp\/v2\/users\/2"}],"replies":[{"embeddable":true,"href":"https:\/\/kanzlei-berger.ch\/en\/wp-json\/wp\/v2\/comments?post=20"}],"version-history":[{"count":4,"href":"https:\/\/kanzlei-berger.ch\/en\/wp-json\/wp\/v2\/pages\/20\/revisions"}],"predecessor-version":[{"id":170,"href":"https:\/\/kanzlei-berger.ch\/en\/wp-json\/wp\/v2\/pages\/20\/revisions\/170"}],"wp:attachment":[{"href":"https:\/\/kanzlei-berger.ch\/en\/wp-json\/wp\/v2\/media?parent=20"}],"curies":[{"name":"wp","href":"https:\/\/api.w.org\/{rel}","templated":true}]}}